{"id":2,"date":"2014-02-17T16:37:14","date_gmt":"2014-02-17T16:37:14","guid":{"rendered":"http:\/\/simdea.i3portal.net\/?page_id=2"},"modified":"2017-08-05T14:51:15","modified_gmt":"2017-08-05T14:51:15","slug":"about","status":"publish","type":"page","link":"https:\/\/simdea.pt\/pt\/about\/","title":{"rendered":"Sobre N\u00f3s"},"content":{"rendered":"<p>As ideias simples s\u00e3o as melhores!<\/p>\n<p>As grandes ideias empurram o mundo para a frente mas as ideias simples s\u00e3o aquelas que t\u00eam o poder de o mudar. Simplicidade \u00e9 a verdadeira jun\u00e7\u00e3o de beleza com fun\u00e7\u00e3o.<\/p>\n<p>Na Simdea, o nosso objectivo passa por providenciar as melhores solu\u00e7\u00f5es m\u00f3veis e web que d\u00e3o a sensa\u00e7\u00e3o de ser f\u00e1cil e simples.<\/p>\n<p>A nossa altamente dedicada equipa acredita firmemente que atrav\u00e9s da simplicidade somos capazes de desencadear a inova\u00e7\u00e3o e o conforto ao servi\u00e7o dos nossos utilizadores.<\/p>\n<p>O nosso trabalho est\u00e1 focado na tecnologia futura, e com isso em mente, criamos produtos que tentam resolver problemas complexos da sociedade sempre\u00a0com solu\u00e7\u00f5es simples na industria envolvente \u00e0 mobilidade (aplica\u00e7\u00f5es moveis, wearables e websites).<\/p>\n","protected":false},"excerpt":{"rendered":"<p>As ideias simples s\u00e3o as melhores! As grandes ideias empurram o mundo para a frente mas as ideias simples s\u00e3o aquelas que t\u00eam o poder de o mudar. Simplicidade \u00e9 a verdadeira jun\u00e7\u00e3o de beleza com fun\u00e7\u00e3o. Na Simdea, o nosso objectivo passa por providenciar as melhores solu\u00e7\u00f5es m\u00f3veis e web que d\u00e3o a sensa\u00e7\u00e3o<br \/><a class=\"moretag\" href=\"https:\/\/simdea.pt\/pt\/about\/\">+ Read More<\/a><\/p>\n","protected":false},"author":1,"featured_media":0,"parent":0,"menu_order":0,"comment_status":"closed","ping_status":"closed","template":"","meta":{"jetpack_post_was_ever_published":false,"footnotes":""},"class_list":["post-2","page","type-page","status-publish","hentry"],"yoast_head":"<!-- This site is optimized with the Yoast SEO plugin v27.4 - https:\/\/yoast.com\/product\/yoast-seo-wordpress\/ -->\n<title>About us - Simdea<\/title>\n<meta name=\"robots\" content=\"index, follow, max-snippet:-1, max-image-preview:large, max-video-preview:-1\" \/>\n<link rel=\"canonical\" href=\"https:\/\/simdea.pt\/about\/\" \/>\n<meta property=\"og:locale\" content=\"en_US\" \/>\n<meta property=\"og:type\" content=\"article\" \/>\n<meta property=\"og:title\" content=\"About us - Simdea\" \/>\n<meta property=\"og:description\" content=\"As ideias simples s\u00e3o as melhores! As grandes ideias empurram o mundo para a frente mas as ideias simples s\u00e3o aquelas que t\u00eam o poder de o mudar. Simplicidade \u00e9 a verdadeira jun\u00e7\u00e3o de beleza com fun\u00e7\u00e3o. Na Simdea, o nosso objectivo passa por providenciar as melhores solu\u00e7\u00f5es m\u00f3veis e web que d\u00e3o a sensa\u00e7\u00e3o+ Read More\" \/>\n<meta property=\"og:url\" content=\"https:\/\/simdea.pt\/about\/\" \/>\n<meta property=\"og:site_name\" content=\"Simdea\" \/>\n<meta property=\"article:publisher\" content=\"https:\/\/facebook.com\/simdea.pt\" \/>\n<meta property=\"article:modified_time\" content=\"2017-08-05T14:51:15+00:00\" \/>\n<meta name=\"twitter:card\" content=\"summary_large_image\" \/>\n<meta name=\"twitter:site\" content=\"@simdea_pt\" \/>\n<meta name=\"twitter:label1\" content=\"Est. reading time\" \/>\n\t<meta name=\"twitter:data1\" content=\"1 minute\" \/>\n<script type=\"application\/ld+json\" class=\"yoast-schema-graph\">{\"@context\":\"https:\\\/\\\/schema.org\",\"@graph\":[{\"@type\":\"WebPage\",\"@id\":\"https:\\\/\\\/simdea.pt\\\/about\\\/\",\"url\":\"https:\\\/\\\/simdea.pt\\\/about\\\/\",\"name\":\"About us - Simdea\",\"isPartOf\":{\"@id\":\"https:\\\/\\\/simdea.pt\\\/#website\"},\"datePublished\":\"2014-02-17T16:37:14+00:00\",\"dateModified\":\"2017-08-05T14:51:15+00:00\",\"breadcrumb\":{\"@id\":\"https:\\\/\\\/simdea.pt\\\/about\\\/#breadcrumb\"},\"inLanguage\":\"en-US\",\"potentialAction\":[{\"@type\":\"ReadAction\",\"target\":[\"https:\\\/\\\/simdea.pt\\\/about\\\/\"]}]},{\"@type\":\"BreadcrumbList\",\"@id\":\"https:\\\/\\\/simdea.pt\\\/about\\\/#breadcrumb\",\"itemListElement\":[{\"@type\":\"ListItem\",\"position\":1,\"name\":\"Home\",\"item\":\"https:\\\/\\\/simdea.pt\\\/\"},{\"@type\":\"ListItem\",\"position\":2,\"name\":\"About us\"}]},{\"@type\":\"WebSite\",\"@id\":\"https:\\\/\\\/simdea.pt\\\/#website\",\"url\":\"https:\\\/\\\/simdea.pt\\\/\",\"name\":\"Simdea\",\"description\":\"Simple Ideas are the best!\",\"potentialAction\":[{\"@type\":\"SearchAction\",\"target\":{\"@type\":\"EntryPoint\",\"urlTemplate\":\"https:\\\/\\\/simdea.pt\\\/?s={search_term_string}\"},\"query-input\":{\"@type\":\"PropertyValueSpecification\",\"valueRequired\":true,\"valueName\":\"search_term_string\"}}],\"inLanguage\":\"en-US\"}]}<\/script>\n<!-- \/ Yoast SEO plugin. -->","yoast_head_json":{"title":"About us - Simdea","robots":{"index":"index","follow":"follow","max-snippet":"max-snippet:-1","max-image-preview":"max-image-preview:large","max-video-preview":"max-video-preview:-1"},"canonical":"https:\/\/simdea.pt\/about\/","og_locale":"en_US","og_type":"article","og_title":"About us - Simdea","og_description":"As ideias simples s\u00e3o as melhores! As grandes ideias empurram o mundo para a frente mas as ideias simples s\u00e3o aquelas que t\u00eam o poder de o mudar. Simplicidade \u00e9 a verdadeira jun\u00e7\u00e3o de beleza com fun\u00e7\u00e3o. Na Simdea, o nosso objectivo passa por providenciar as melhores solu\u00e7\u00f5es m\u00f3veis e web que d\u00e3o a sensa\u00e7\u00e3o+ Read More","og_url":"https:\/\/simdea.pt\/about\/","og_site_name":"Simdea","article_publisher":"https:\/\/facebook.com\/simdea.pt","article_modified_time":"2017-08-05T14:51:15+00:00","twitter_card":"summary_large_image","twitter_site":"@simdea_pt","twitter_misc":{"Est. reading time":"1 minute"},"schema":{"@context":"https:\/\/schema.org","@graph":[{"@type":"WebPage","@id":"https:\/\/simdea.pt\/about\/","url":"https:\/\/simdea.pt\/about\/","name":"About us - Simdea","isPartOf":{"@id":"https:\/\/simdea.pt\/#website"},"datePublished":"2014-02-17T16:37:14+00:00","dateModified":"2017-08-05T14:51:15+00:00","breadcrumb":{"@id":"https:\/\/simdea.pt\/about\/#breadcrumb"},"inLanguage":"en-US","potentialAction":[{"@type":"ReadAction","target":["https:\/\/simdea.pt\/about\/"]}]},{"@type":"BreadcrumbList","@id":"https:\/\/simdea.pt\/about\/#breadcrumb","itemListElement":[{"@type":"ListItem","position":1,"name":"Home","item":"https:\/\/simdea.pt\/"},{"@type":"ListItem","position":2,"name":"About us"}]},{"@type":"WebSite","@id":"https:\/\/simdea.pt\/#website","url":"https:\/\/simdea.pt\/","name":"Simdea","description":"Simple Ideas are the best!","potentialAction":[{"@type":"SearchAction","target":{"@type":"EntryPoint","urlTemplate":"https:\/\/simdea.pt\/?s={search_term_string}"},"query-input":{"@type":"PropertyValueSpecification","valueRequired":true,"valueName":"search_term_string"}}],"inLanguage":"en-US"}]}},"jetpack_shortlink":"https:\/\/wp.me\/P5gCFW-2","jetpack_sharing_enabled":true,"_links":{"self":[{"href":"https:\/\/simdea.pt\/pt\/wp-json\/wp\/v2\/pages\/2","targetHints":{"allow":["GET"]}}],"collection":[{"href":"https:\/\/simdea.pt\/pt\/wp-json\/wp\/v2\/pages"}],"about":[{"href":"https:\/\/simdea.pt\/pt\/wp-json\/wp\/v2\/types\/page"}],"author":[{"embeddable":true,"href":"https:\/\/simdea.pt\/pt\/wp-json\/wp\/v2\/users\/1"}],"replies":[{"embeddable":true,"href":"https:\/\/simdea.pt\/pt\/wp-json\/wp\/v2\/comments?post=2"}],"version-history":[{"count":13,"href":"https:\/\/simdea.pt\/pt\/wp-json\/wp\/v2\/pages\/2\/revisions"}],"predecessor-version":[{"id":373,"href":"https:\/\/simdea.pt\/pt\/wp-json\/wp\/v2\/pages\/2\/revisions\/373"}],"wp:attachment":[{"href":"https:\/\/simdea.pt\/pt\/wp-json\/wp\/v2\/media?parent=2"}],"curies":[{"name":"wp","href":"https:\/\/api.w.org\/{rel}","templated":true}]}}